{"id":2,"date":"2025-08-12T10:46:39","date_gmt":"2025-08-12T10:46:39","guid":{"rendered":"http:\/\/denneryconsulting.fr\/?page_id=2"},"modified":"2025-08-12T15:39:09","modified_gmt":"2025-08-12T15:39:09","slug":"sample-page","status":"publish","type":"page","link":"https:\/\/denneryconsulting.fr\/?page_id=2","title":{"rendered":"Qu\u2019est ce qu\u2019un architecte d\u2019\u00e9cosyst\u00e8me IA ?"},"content":{"rendered":"\n<p>Bienvenue dans notre s\u00e9rie sp\u00e9ciale ! Vous entendez parler de l&#8217;IA partout, mais avez-vous d\u00e9j\u00e0 imagin\u00e9 le r\u00f4le qui pourrait concr\u00e8tement vous aider \u00e0 l&#8217;int\u00e9grer dans votre entreprise ? Dans cette mini-s\u00e9rie, nous allons vous pr\u00e9senter un nouveau m\u00e9tier cl\u00e9 pour l&#8217;avenir : l&#8217;<strong>Architecte de l&#8217;\u00c9cosyst\u00e8me IA<\/strong>. Oubliez les experts ultra-techniques, nous allons vous aider \u00e0 comprendre ce qu&#8217;est r\u00e9ellement ce poste, en quoi il est indispensable et comment il peut guider votre entreprise ou votre organisme de formation vers une transformation r\u00e9ussie et durable.<\/p>\n\n\n\n<p><\/p>\n\n\n\n<p><\/p>\n\n\n\n<p><\/p>\n\n\n\n<p>      <style>\n\t\t  \n      .dc-series-list {\n  width: 100%;    \/* 100% - (5% gauche + 5% droite) *\/\n  padding: 0;\n  font-family: 'Lato', sans-serif;\n}\n        }\n      .dc-series-item {\n  display: flex;\n  width: 100%;\n  background: #fff;\n  border: 2px solid #003366 !important; \/* Bleu fonc\u00e9 *\/\n  box-shadow: 0 4px 12px rgba(0,0,0,0.15);\n  border-radius: 8px;\n  overflow: hidden;\n  transition: transform 0.2s;\n  margin-bottom: 30px; \/* espace entre les blocs *\/\n}\n        .dc-series-num {\n          min-width: 88px;\n          display: flex;\n          align-items: center;\n          justify-content: center;\n          background: #0d1e3a; \/* bleu profond *\/\n          color: #f26a2e;      \/* orange vif *\/\n          font-family: 'Montserrat', sans-serif;\n          font-weight: 700;\n          font-size: 1.6rem;\n          padding: 16px;\n        }\n        .dc-series-content {\n          padding: 18px 20px;\n          flex: 1;\n\t\tborder: 1px solid #003366 !important; \/* Bleu fonc\u00e9 *\/\n          display: flex;\n          flex-direction: column;\n          justify-content: center;\n\t\t\t  margin-bottom: 30px; \/* espace entre les blocs *\/\n        }\n        .dc-series-title {\n          font-family: 'Montserrat', sans-serif;\n          color: #0d1e3a;\n          font-size: 1.15rem;\n          font-weight: 700;\n          margin: 0 0 36px;\n          line-height: 1.35;\n        }\n        .dc-series-title a {\n          color: inherit;\n          text-decoration: none;\n        }\n        .dc-series-title a:hover { text-decoration: underline; }\n        .dc-series-desc {\n          margin: 0;\n          color: #555;\n          font-size: 1rem;\n        }\n        @media (max-width: 680px){\n          .dc-series-item{ flex-direction: column; }\n          .dc-series-num{ min-width: 100%; font-size: 1.3rem; padding: 12px; }\n          .dc-series-content{ padding: 16px; }\n        }\n      <\/style>\n      <div class=\"dc-series-list\"><article class=\"dc-series-item\"><div class=\"dc-series-num\">1<\/div><div class=\"dc-series-content\"><h3 class=\"dc-series-title\"><a href=\"https:\/\/denneryconsulting.fr\/?p=1\">L\u2019Architecte de l\u2019\u00c9cosyst\u00e8me IA : le m\u00e9tier qui va transformer les PME et les organismes de formation<\/a><\/h3><p class=\"dc-series-desc\">Vous entendez parler d\u2019intelligence artificielle (IA) tous les jours, mais pour une PME, le sujet reste souvent complexe et d\u00e9routant. Projets pilotes qui n\u2019aboutissent jamais, promesses technologiques difficiles \u00e0 relier \u00e0 vos objectifs m\u00e9tier, inqui\u00e9tudes sur le retour sur investissement : l\u2019IA semble \u00eatre un labyrinthe technique r\u00e9serv\u00e9 aux g\u00e9ants du num\u00e9rique. Pourtant, au c\u0153ur [&hellip;]<\/p><\/div><\/article><article class=\"dc-series-item\"><div class=\"dc-series-num\">2<\/div><div class=\"dc-series-content\"><h3 class=\"dc-series-title\"><a href=\"https:\/\/denneryconsulting.fr\/?p=18\">Les 5 comp\u00e9tences cl\u00e9s de l\u2019Architecte de l\u2019\u00c9cosyst\u00e8me IA<\/a><\/h3><p class=\"dc-series-desc\">Mi-strat\u00e8ge d\u2019entreprise, mi-technologue, mi-p\u00e9dagogue \u2013 le portrait de l\u2019Architecte de l\u2019\u00c9cosyst\u00e8me IA semble cumuler plusieurs m\u00e9tiers en un seul. Cette hybridit\u00e9 est pr\u00e9cis\u00e9ment la force de ce r\u00f4le. Imaginez un professionnel capable aussi bien de discuter algorithmes avec un data scientist que d\u2019expliquer avec des mots simples l\u2019IA \u00e0 votre directeur financier, tout en orchestrant [&hellip;]<\/p><\/div><\/article><article class=\"dc-series-item\"><div class=\"dc-series-num\">3<\/div><div class=\"dc-series-content\"><h3 class=\"dc-series-title\"><a href=\"https:\/\/denneryconsulting.fr\/?p=20\">Cartographier les comp\u00e9tences IA de vos \u00e9quipes<\/a><\/h3><p class=\"dc-series-desc\">\u00ab L\u2019IA, ce n\u2019est pas qu\u2019une affaire de machines. \u00bb Derri\u00e8re cette phrase un brin provocatrice se cache une r\u00e9alit\u00e9 souvent sous-estim\u00e9e : la r\u00e9ussite de votre projet IA d\u00e9pend d\u2019abord de vos collaborateurs. Vous pourriez acqu\u00e9rir les algorithmes les plus sophistiqu\u00e9s, ils ne vaudront rien si vos \u00e9quipes ne savent pas les utiliser, les [&hellip;]<\/p><\/div><\/article><article class=\"dc-series-item\"><div class=\"dc-series-num\">4<\/div><div class=\"dc-series-content\"><h3 class=\"dc-series-title\"><a href=\"https:\/\/denneryconsulting.fr\/?p=44\">Construire un plan de formation IA qui transforme vraiment vos collaborateurs<\/a><\/h3><p class=\"dc-series-desc\">Former, ce n\u2019est pas simplement enseigner des notions en salle de classe : former, c\u2019est transformer. \u00c0 l\u2019\u00e8re de l\u2019intelligence artificielle, cette maxime prend tout son sens. Pour qu\u2019une PME profite r\u00e9ellement de l\u2019IA, il ne suffit pas d\u2019implanter de nouveaux outils, il faut m\u00e9tamorphoser les comp\u00e9tences et les fa\u00e7ons de travailler de vos collaborateurs. [&hellip;]<\/p><\/div><\/article><article class=\"dc-series-item\"><div class=\"dc-series-num\">5<\/div><div class=\"dc-series-content\"><h3 class=\"dc-series-title\"><a href=\"https:\/\/denneryconsulting.fr\/?p=46\">\u00c9valuer la maturit\u00e9 IA de votre PME et mesurer\/optimiser le ROI<\/a><\/h3><p class=\"dc-series-desc\">\u00ab On ne g\u00e8re bien que ce que l\u2019on mesure. \u00bb Cet adage s\u2019applique parfaitement \u00e0 l\u2019adoption de l\u2019IA en entreprise. Apr\u00e8s avoir lanc\u00e9 vos premiers projets IA, d\u00e9velopp\u00e9 les comp\u00e9tences de vos \u00e9quipes et commenc\u00e9 \u00e0 transformer vos processus, une question cruciale se pose : o\u00f9 en \u00eates-vous r\u00e9ellement dans votre transformation IA ? [&hellip;]<\/p><\/div><\/article><article class=\"dc-series-item\"><div class=\"dc-series-num\">6<\/div><div class=\"dc-series-content\"><h3 class=\"dc-series-title\"><a href=\"https:\/\/denneryconsulting.fr\/?p=48\">G\u00e9rer les risques et accompagner le changement humain<\/a><\/h3><p class=\"dc-series-desc\">L\u2019intelligence artificielle fait r\u00eaver par ses promesses, mais elle suscite aussi craintes et interrogations. Biais algorithmiques, protection des donn\u00e9es personnelles, cyberattaques, impact sur l\u2019emploi\u2026 L\u2019IA est autant un sujet de technologie que de confiance. Pour une PME qui se lance, ignorer ces enjeux serait une erreur lourde de cons\u00e9quences. Dans ce sixi\u00e8me \u00e9pisode, nous aborderons [&hellip;]<\/p><\/div><\/article><article class=\"dc-series-item\"><div class=\"dc-series-num\">7<\/div><div class=\"dc-series-content\"><h3 class=\"dc-series-title\"><a href=\"https:\/\/denneryconsulting.fr\/?p=52\">Accompagner la mont\u00e9e en autonomie de vos collaborateurs face \u00e0 l\u2019IA<\/a><\/h3><p class=\"dc-series-desc\">Apr\u00e8s les efforts initiaux, le v\u00e9ritable but de votre transformation IA se profile : une entreprise o\u00f9 chacun progresse et s\u2019engage avec l\u2019IA, aujourd\u2019hui et demain. L\u2019objectif ultime n\u2019est pas d\u2019avoir quelques experts IA isol\u00e9s, mais bien de rendre vos \u00e9quipes autonomes dans l\u2019utilisation, l\u2019am\u00e9lioration et m\u00eame l\u2019innovation continue autour de l\u2019IA. Dans ce dernier [&hellip;]<\/p><\/div><\/article><\/div><br><\/p>\n","protected":false},"excerpt":{"rendered":"<p>Bienvenue dans notre s\u00e9rie sp\u00e9ciale ! Vous entendez parler de l&#8217;IA partout, mais avez-vous d\u00e9j\u00e0 imagin\u00e9 le r\u00f4le qui pourrait concr\u00e8tement vous aider \u00e0 l&#8217;int\u00e9grer dans votre entreprise ? Dans cette mini-s\u00e9rie, nous allons vous pr\u00e9senter un nouveau m\u00e9tier cl\u00e9 pour l&#8217;avenir : l&#8217;Architecte de l&#8217;\u00c9cosyst\u00e8me IA. Oubliez les experts ultra-techniques, nous allons vous aider [&hellip;]<\/p>\n","protected":false},"author":1,"featured_media":0,"parent":0,"menu_order":0,"comment_status":"closed","ping_status":"open","template":"","meta":{"footnotes":""},"class_list":["post-2","page","type-page","status-publish","hentry"],"_links":{"self":[{"href":"https:\/\/denneryconsulting.fr\/index.php?rest_route=\/wp\/v2\/pages\/2","targetHints":{"allow":["GET"]}}],"collection":[{"href":"https:\/\/denneryconsulting.fr\/index.php?rest_route=\/wp\/v2\/pages"}],"about":[{"href":"https:\/\/denneryconsulting.fr\/index.php?rest_route=\/wp\/v2\/types\/page"}],"author":[{"embeddable":true,"href":"https:\/\/denneryconsulting.fr\/index.php?rest_route=\/wp\/v2\/users\/1"}],"replies":[{"embeddable":true,"href":"https:\/\/denneryconsulting.fr\/index.php?rest_route=%2Fwp%2Fv2%2Fcomments&post=2"}],"version-history":[{"count":5,"href":"https:\/\/denneryconsulting.fr\/index.php?rest_route=\/wp\/v2\/pages\/2\/revisions"}],"predecessor-version":[{"id":33,"href":"https:\/\/denneryconsulting.fr\/index.php?rest_route=\/wp\/v2\/pages\/2\/revisions\/33"}],"wp:attachment":[{"href":"https:\/\/denneryconsulting.fr\/index.php?rest_route=%2Fwp%2Fv2%2Fmedia&parent=2"}],"curies":[{"name":"wp","href":"https:\/\/api.w.org\/{rel}","templated":true}]}}